{"id":22,"date":"2020-02-14T16:19:30","date_gmt":"2020-02-14T21:19:30","guid":{"rendered":"http:\/\/jimenezherrera.com\/?page_id=22"},"modified":"2025-12-23T09:58:07","modified_gmt":"2025-12-23T14:58:07","slug":"clientes","status":"publish","type":"page","link":"https:\/\/jimenezherrera.com\/index.php\/clientes\/","title":{"rendered":"Clientes"},"content":{"rendered":"<p>[et_pb_section fb_built=&#8221;1&#8243; _builder_version=&#8221;4.24.0&#8243; _module_preset=&#8221;default&#8221; custom_padding=&#8221;|50px||50px|false|true&#8221; locked=&#8221;off&#8221; global_colors_info=&#8221;{}&#8221;][et_pb_row column_structure=&#8221;1_2,1_2&#8243; _builder_version=&#8221;4.24.0&#8243; _module_preset=&#8221;default&#8221; width=&#8221;100%&#8221; max_width=&#8221;1800px&#8221; module_alignment=&#8221;center&#8221; global_colors_info=&#8221;{}&#8221;][et_pb_column type=&#8221;1_2&#8243; _builder_version=&#8221;4.24.0&#8243; _module_preset=&#8221;default&#8221; global_colors_info=&#8221;{}&#8221;][et_pb_heading title=&#8221;Nuestros clientes&#8221; _builder_version=&#8221;4.24.0&#8243; _module_preset=&#8221;default&#8221; title_level=&#8221;h2&#8243; title_font=&#8221;|700|||||||&#8221; title_text_color=&#8221;gcid-8d9f75c9-546b-4cdb-9052-fd4d4aa09431&#8243; title_font_size=&#8221;34px&#8221; custom_margin=&#8221;||5px||false|false&#8221; title_font_size_tablet=&#8221;34px&#8221; title_font_size_phone=&#8221;24px&#8221; title_font_size_last_edited=&#8221;on|phone&#8221; global_colors_info=&#8221;{%22gcid-8d9f75c9-546b-4cdb-9052-fd4d4aa09431%22:%91%22title_text_color%22%93}&#8221;][\/et_pb_heading][et_pb_heading title=&#8221;Actualidad Legal y Empresarial&#8221; _builder_version=&#8221;4.24.0&#8243; _module_preset=&#8221;default&#8221; title_level=&#8221;h3&#8243; title_font=&#8221;||||||||&#8221; title_text_color=&#8221;gcid-3fe49218-a9d6-40ba-a488-776508ce9d77&#8243; title_font_size=&#8221;20px&#8221; title_font_size_tablet=&#8221;20px&#8221; title_font_size_phone=&#8221;16px&#8221; title_font_size_last_edited=&#8221;on|phone&#8221; global_colors_info=&#8221;{%22gcid-3fe49218-a9d6-40ba-a488-776508ce9d77%22:%91%22title_text_color%22%93}&#8221;][\/et_pb_heading][\/et_pb_column][et_pb_column type=&#8221;1_2&#8243; _builder_version=&#8221;4.24.0&#8243; _module_preset=&#8221;default&#8221; global_colors_info=&#8221;{}&#8221;][et_pb_text _builder_version=&#8221;4.24.0&#8243; _module_preset=&#8221;default&#8221; text_font=&#8221;||||||||&#8221; text_text_color=&#8221;gcid-8d9f75c9-546b-4cdb-9052-fd4d4aa09431&#8243; text_font_size=&#8221;16px&#8221; text_font_size_tablet=&#8221;16px&#8221; text_font_size_phone=&#8221;15px&#8221; text_font_size_last_edited=&#8221;on|phone&#8221; global_colors_info=&#8221;{%22gcid-8d9f75c9-546b-4cdb-9052-fd4d4aa09431%22:%91%22text_text_color%22%93}&#8221;]<\/p>\n<p><span>Sabemos que representamos a nuestros clientes, por eso nos convertimos en sus mejores aliados para brindar soluciones a las necesidades propias o de sus clientes externos.<\/span><\/p>\n<p><span><\/span><\/p>\n<p><span>En <strong>JIMENEZ HERRERA ASOCIADOS<\/strong> alcanzamos un alto nivel competitivo a trav\u00e9s de la prioridad del trato personalizado de entre cliente, abogado y deudor, logrando as\u00ed una familiaridad con los asuntos de nuestros clientes, esto y la actitud profesional de la firma permite una preparaci\u00f3n m\u00e1s eficaz de las estrategias para afrontar los asuntos, dedicando el tiempo que se merece cada uno, estableciendo formas de comunicaci\u00f3n oportuna para comprender de una manera integral cual es el objetivo buscado y de esta forma trabajar arduamente para conseguirlo.<br \/>Actualmente la firma cuenta con variedad de clientes que requieren los servicios en recuperaci\u00f3n de cartera. Con todos ellos se busca obtener y mantener una excelente relaci\u00f3n, creando fuertes v\u00ednculos duraderos.<\/span><\/p>\n<p>[\/et_pb_text][\/et_pb_column][\/et_pb_row][et_pb_row _builder_version=&#8221;4.24.0&#8243; _module_preset=&#8221;default&#8221; width=&#8221;100%&#8221; max_width=&#8221;1800px&#8221; module_alignment=&#8221;center&#8221; global_colors_info=&#8221;{}&#8221;][et_pb_column type=&#8221;4_4&#8243; _builder_version=&#8221;4.24.0&#8243; _module_preset=&#8221;default&#8221; global_colors_info=&#8221;{}&#8221;][et_pb_heading title=&#8221;Algunos de nuestros clientes&#8221; _builder_version=&#8221;4.24.0&#8243; _module_preset=&#8221;default&#8221; title_level=&#8221;h2&#8243; title_font=&#8221;|700|||||||&#8221; title_text_align=&#8221;center&#8221; title_text_color=&#8221;gcid-8d9f75c9-546b-4cdb-9052-fd4d4aa09431&#8243; title_font_size=&#8221;34px&#8221; custom_margin=&#8221;||5px||false|false&#8221; title_font_size_tablet=&#8221;34px&#8221; title_font_size_phone=&#8221;24px&#8221; title_font_size_last_edited=&#8221;on|phone&#8221; global_colors_info=&#8221;{%22gcid-8d9f75c9-546b-4cdb-9052-fd4d4aa09431%22:%91%22title_text_color%22%93}&#8221;][\/et_pb_heading][dsm_image_carousel gallery_ids=&#8221;406,420,408,410,411,412,418,413&#8243; lazyload=&#8221;on&#8221; pause_on_hover=&#8221;on&#8221; space_between=&#8221;100&#8243; arrows=&#8221;off&#8221; _builder_version=&#8221;4.24.0&#8243; _module_preset=&#8221;default&#8221; width=&#8221;90%&#8221; module_alignment=&#8221;center&#8221; global_colors_info=&#8221;{}&#8221;][\/dsm_image_carousel][\/et_pb_column][\/et_pb_row][\/et_pb_section][et_pb_section fb_built=&#8221;1&#8243; _builder_version=&#8221;4.24.0&#8243; _module_preset=&#8221;default&#8221; use_background_color_gradient=&#8221;on&#8221; background_color_gradient_type=&#8221;circular&#8221; background_color_gradient_stops=&#8221;#592b1b 0%|rgba(255,255,255,0) 100%&#8221; background_image=&#8221;https:\/\/jimenezherrera.com\/wp-content\/uploads\/2020\/02\/444_5-scaled.jpg&#8221; background_blend=&#8221;darken&#8221; locked=&#8221;off&#8221; global_colors_info=&#8221;{%22gcid-3fe49218-a9d6-40ba-a488-776508ce9d77%22:%91%22background_color_gradient_stops%22%93,%22gcid-8d9f75c9-546b-4cdb-9052-fd4d4aa09431%22:%91%22background_color_gradient_stops%22%93,%22gcid-bd5c1b0b-8104-48ba-b359-d52f413acad9%22:%91%22background_color_gradient_stops%22%93,%22gcid-4ca2215f-2a91-497c-83c3-4028d96e77ac%22:%91%22background_color_gradient_stops%22%93,%22gcid-80d0f7c2-74e5-44dd-9ea3-6dd1d75308d5%22:%91%22background_color_gradient_stops%22%93}&#8221;][et_pb_row _builder_version=&#8221;4.24.0&#8243; _module_preset=&#8221;default&#8221; custom_padding=&#8221;100px||100px||true|false&#8221; global_colors_info=&#8221;{}&#8221;][et_pb_column type=&#8221;4_4&#8243; _builder_version=&#8221;4.24.0&#8243; _module_preset=&#8221;default&#8221; global_colors_info=&#8221;{}&#8221;][et_pb_heading title=&#8221;Los invitamos a conocer nuestras \u00e1reas de pr\u00e1ctica.&#8221; _builder_version=&#8221;4.24.0&#8243; _module_preset=&#8221;default&#8221; title_level=&#8221;h2&#8243; title_font=&#8221;|700|||||||&#8221; title_text_align=&#8221;center&#8221; title_text_color=&#8221;#FFFFFF&#8221; title_font_size=&#8221;34px&#8221; custom_margin=&#8221;||5px||false|false&#8221; title_font_size_tablet=&#8221;34px&#8221; title_font_size_phone=&#8221;24px&#8221; title_font_size_last_edited=&#8221;on|phone&#8221; global_colors_info=&#8221;{}&#8221;][\/et_pb_heading][et_pb_heading title=&#8221;Explora nuestras \u00e1reas de pr\u00e1ctica y descubre c\u00f3mo podemos ayudarte hoy.&#8221; _builder_version=&#8221;4.24.0&#8243; _module_preset=&#8221;default&#8221; title_level=&#8221;h3&#8243; title_font=&#8221;||||||||&#8221; title_text_align=&#8221;center&#8221; title_text_color=&#8221;#FFFFFF&#8221; title_font_size=&#8221;20px&#8221; title_font_size_tablet=&#8221;20px&#8221; title_font_size_phone=&#8221;16px&#8221; title_font_size_last_edited=&#8221;on|phone&#8221; global_colors_info=&#8221;{}&#8221;][\/et_pb_heading][et_pb_button button_text=&#8221;Habla con un abogado ahora&#8221; button_alignment=&#8221;center&#8221; _builder_version=&#8221;4.24.0&#8243; _module_preset=&#8221;default&#8221; custom_button=&#8221;on&#8221; button_text_color=&#8221;#FFFFFF&#8221; button_bg_color=&#8221;RGBA(255,255,255,0)&#8221; hover_enabled=&#8221;0&#8243; global_colors_info=&#8221;{}&#8221; button_bg_color__hover_enabled=&#8221;on|desktop&#8221; button_bg_color__hover=&#8221;#000000&#8243; button_bg_enable_color__hover=&#8221;on&#8221; button_url=&#8221;https:\/\/jimenezherrera.com\/index.php\/contacto\/&#8221; sticky_enabled=&#8221;0&#8243;][\/et_pb_button][\/et_pb_column][\/et_pb_row][\/et_pb_section]<\/p>\n","protected":false},"excerpt":{"rendered":"<p>Sabemos que representamos a nuestros clientes, por eso nos convertimos en sus mejores aliados para brindar soluciones a las necesidades propias o de sus clientes externos. En JIMENEZ HERRERA ASOCIADOS alcanzamos un alto nivel competitivo a trav\u00e9s de la prioridad del trato personalizado de entre cliente, abogado y deudor, logrando as\u00ed una familiaridad con los asuntos de nuestros clientes, esto y la actitud profesional de la firma permite una preparaci\u00f3n m\u00e1s eficaz de las estrategias para afrontar los asuntos, dedicando el tiempo que se merece cada uno, estableciendo formas de comunicaci\u00f3n oportuna para comprender de una manera integral cual es el objetivo buscado y de esta forma trabajar arduamente para conseguirlo.Actualmente la firma cuenta con variedad de clientes que requieren los servicios en recuperaci\u00f3n de cartera. Con todos ellos se busca obtener y mantener una excelente relaci\u00f3n, creando fuertes v\u00ednculos duraderos.<div class=\"et_pb_module dsm_image_carousel dsm_image_carousel_0 dsm_image_carousel_arrow_outside dsm_image_carousel_arrow_mobile_inside \">\n\t\t\t\t\n\t\t\t\t\n\t\t\t\t\n\t\t\t\t\n\t\t\t\t\n\t\t\t\t\n\t\t\t\t<div class=\"et_pb_module_inner\">\n\t\t\t\t\t<div class=\"swiper-container dsm_image_carousel_container  dsm_image_carousel_carousel\" dir=\"ltr\"data-effect=\"default\"\n\t\t\tdata-slider-effect-shadows=\"false\"\n\t\t\tdata-slider-effect-coverflow-rotate=\"30\"\n\t\t\tdata-slider-effect-coverflow-depth=\"0\"\n\t\t\tdata-loop=\"true\"\n\t\t\tdata-slide-to-show=\"4\"\n\t\t\tdata-slide-to-show-tablet=\"1\"\n\t\t\tdata-slide-to-show-phone=\"1\"\n\t\t\tdata-slide-to-scroll=\"1\"\n\t\t\tdata-slide-to-scroll-tablet=\"1\"\n\t\t\tdata-slide-to-scroll-phone=\"1\"\n\t\t\tdata-space-between=\"100\"\n\t\t\tdata-space-between-tablet=\"100\"\n\t\t\tdata-space-between-phone=\"100\"\n\t\t\tdata-slide-row=\"1\"\n\t\t\tdata-centered-slides=\"false\"\n\t\t\tdata-speed=\"300\"\n\t\t\tdata-autoplay=\"true\"\n\t\t\tdata-autoplay-speed=\"3000\"\n\t\t\tdata-touch-move=\"true\"\n\t\t\tdata-grab=\"true\"\n\t\t\tdata-pause-on-hover=\"true\"\n\t\t\tdata-show-lightbox=\"false\"\n\t\t\tdata-lightbox-gallery=\"false\"\n\t\t\tdata-lightbox-caption=\"false\"\n\t\t\tdata-infinite-scrolling=\"false\"\n\t\t\tdata-slide-row-tablet=\"1\"\n\t\t\tdata-slide-row-phone=\"1\"\n\t\t\tdata-autoplay-viewport=80%\n\t\t\tdata-mousewheel=\"false\"\n\t\t\tdata-lazyload=\"true\"\n\t\t\tdata-type=\"carousel\"\n\t\t\tdata-slideshow-effect=\"default\"\n\t\t\tdata-slideshow-to-show=\"4\"\n\t\t\tdata-slideshow-to-show-tablet=\"4\"\n\t\t\tdata-slideshow-to-show-phone=\"\"\n\t\t\tdata-slider-orientation=\"horizontal\"\n\t\t\t\t\t\tdata-lightbox-title=\"false\"\n\n\t\t\t><div class=\"swiper-wrapper\"><div class=\"swiper-slide dsm_image_carousel_item\"><img loading=\"lazy\" decoding=\"async\" src=\"https:\/\/jimenezherrera.com\/wp-content\/uploads\/2025\/12\/t1.png\" alt=\"\" title=\"t1\" width=\"300\" height=\"150\" data-dsm-image-description=\"\" class=\" swiper-lazy\" \/><\/div><div class=\"swiper-slide dsm_image_carousel_item\"><img loading=\"lazy\" decoding=\"async\" src=\"https:\/\/jimenezherrera.com\/wp-content\/uploads\/2025\/12\/logo-cavipetrol.webp\" alt=\"\" title=\"logo-cavipetrol\" width=\"400\" height=\"225\" data-dsm-image-description=\"\" srcset=\"https:\/\/jimenezherrera.com\/wp-content\/uploads\/2025\/12\/logo-cavipetrol.webp 400w, https:\/\/jimenezherrera.com\/wp-content\/uploads\/2025\/12\/logo-cavipetrol-300x169.webp 300w\" sizes=\"auto, (max-width: 400px) 100vw, 400px\" class=\" swiper-lazy\" \/><\/div><div class=\"swiper-slide dsm_image_carousel_item\"><img loading=\"lazy\" decoding=\"async\" src=\"https:\/\/jimenezherrera.com\/wp-content\/uploads\/2025\/12\/incomercio.png\" alt=\"\" title=\"incomercio\" width=\"600\" height=\"600\" data-dsm-image-description=\"\" srcset=\"https:\/\/jimenezherrera.com\/wp-content\/uploads\/2025\/12\/incomercio.png 600w, https:\/\/jimenezherrera.com\/wp-content\/uploads\/2025\/12\/incomercio-480x480.png 480w\" sizes=\"auto, (min-width: 0px) and (max-width: 480px) 480px, (min-width: 481px) 600px, 100vw\" class=\" swiper-lazy\" \/><\/div><div class=\"swiper-slide dsm_image_carousel_item\"><img loading=\"lazy\" decoding=\"async\" src=\"https:\/\/jimenezherrera.com\/wp-content\/uploads\/2025\/12\/MULTIBANK.png\" alt=\"\" title=\"MULTIBANK\" width=\"300\" height=\"98\" data-dsm-image-description=\"\" class=\" swiper-lazy\" \/><\/div><div class=\"swiper-slide dsm_image_carousel_item\"><img loading=\"lazy\" decoding=\"async\" src=\"https:\/\/jimenezherrera.com\/wp-content\/uploads\/2025\/12\/Banco_Finandina_2018.webp\" alt=\"\" title=\"Banco_Finandina_2018\" width=\"284\" height=\"88\" data-dsm-image-description=\"\" class=\" swiper-lazy\" \/><\/div><div class=\"swiper-slide dsm_image_carousel_item\"><img loading=\"lazy\" decoding=\"async\" src=\"https:\/\/jimenezherrera.com\/wp-content\/uploads\/2025\/12\/logo-social.png\" alt=\"\" title=\"logo-social\" width=\"600\" height=\"315\" data-dsm-image-description=\"\" srcset=\"https:\/\/jimenezherrera.com\/wp-content\/uploads\/2025\/12\/logo-social.png 600w, https:\/\/jimenezherrera.com\/wp-content\/uploads\/2025\/12\/logo-social-480x252.png 480w\" sizes=\"auto, (min-width: 0px) and (max-width: 480px) 480px, (min-width: 481px) 600px, 100vw\" class=\" swiper-lazy\" \/><\/div><div class=\"swiper-slide dsm_image_carousel_item\"><img loading=\"lazy\" decoding=\"async\" src=\"https:\/\/jimenezherrera.com\/wp-content\/uploads\/2025\/12\/18a0a548f9f308f68a2c06999ef34703ee527d18.png\" alt=\"\" title=\"18a0a548f9f308f68a2c06999ef34703ee527d18\" width=\"298\" height=\"64\" data-dsm-image-description=\"\" class=\" swiper-lazy\" \/><\/div><div class=\"swiper-slide dsm_image_carousel_item\"><img loading=\"lazy\" decoding=\"async\" src=\"https:\/\/jimenezherrera.com\/wp-content\/uploads\/2025\/12\/Logo-fna-1.png\" alt=\"\" title=\"Logo-fna (1)\" width=\"120\" height=\"101\" data-dsm-image-description=\"\" class=\" swiper-lazy\" \/><\/div><\/div><\/div><div class=\"swiper-pagination\"><\/div>\n\t\t\t\t<\/div>\n\t\t\t<\/div><\/p>\n","protected":false},"author":1,"featured_media":0,"parent":0,"menu_order":0,"comment_status":"closed","ping_status":"closed","template":"","meta":{"_et_pb_use_builder":"on","_et_pb_old_content":"","_et_gb_content_width":"","footnotes":""},"class_list":["post-22","page","type-page","status-publish","hentry"],"yoast_head":"<!-- This site is optimized with the Yoast SEO plugin v27.1.1 - https:\/\/yoast.com\/product\/yoast-seo-wordpress\/ -->\n<title>Clientes - Jimenez Herrera Asociados Ltda -<\/title>\n<meta name=\"robots\" content=\"index, follow, max-snippet:-1, max-image-preview:large, max-video-preview:-1\" \/>\n<link rel=\"canonical\" href=\"https:\/\/jimenezherrera.com\/index.php\/clientes\/\" \/>\n<meta property=\"og:locale\" content=\"es_ES\" \/>\n<meta property=\"og:type\" content=\"article\" \/>\n<meta property=\"og:title\" content=\"Clientes - Jimenez Herrera Asociados Ltda -\" \/>\n<meta property=\"og:description\" content=\"Sabemos que representamos a nuestros clientes, por eso nos convertimos en sus mejores aliados para brindar soluciones a las necesidades propias o de sus clientes externos. En JIMENEZ HERRERA ASOCIADOS alcanzamos un alto nivel competitivo a trav\u00e9s de la prioridad del trato personalizado de entre cliente, abogado y deudor, logrando as\u00ed una familiaridad con los asuntos de nuestros clientes, esto y la actitud profesional de la firma permite una preparaci\u00f3n m\u00e1s eficaz de las estrategias para afrontar los asuntos, dedicando el tiempo que se merece cada uno, estableciendo formas de comunicaci\u00f3n oportuna para comprender de una manera integral cual es el objetivo buscado y de esta forma trabajar arduamente para conseguirlo.Actualmente la firma cuenta con variedad de clientes que requieren los servicios en recuperaci\u00f3n de cartera. Con todos ellos se busca obtener y mantener una excelente relaci\u00f3n, creando fuertes v\u00ednculos duraderos.\" \/>\n<meta property=\"og:url\" content=\"https:\/\/jimenezherrera.com\/index.php\/clientes\/\" \/>\n<meta property=\"og:site_name\" content=\"Jimenez Herrera Asociados Ltda -\" \/>\n<meta property=\"article:publisher\" content=\"https:\/\/web.facebook.com\/jimenezherrera.abogados\" \/>\n<meta property=\"article:modified_time\" content=\"2025-12-23T14:58:07+00:00\" \/>\n<meta name=\"twitter:card\" content=\"summary_large_image\" \/>\n<meta name=\"twitter:label1\" content=\"Tiempo de lectura\" \/>\n\t<meta name=\"twitter:data1\" content=\"5 minutos\" \/>\n<script type=\"application\/ld+json\" class=\"yoast-schema-graph\">{\"@context\":\"https:\/\/schema.org\",\"@graph\":[{\"@type\":\"WebPage\",\"@id\":\"https:\/\/jimenezherrera.com\/index.php\/clientes\/\",\"url\":\"https:\/\/jimenezherrera.com\/index.php\/clientes\/\",\"name\":\"Clientes - Jimenez Herrera Asociados Ltda -\",\"isPartOf\":{\"@id\":\"https:\/\/jimenezherrera.com\/#website\"},\"datePublished\":\"2020-02-14T21:19:30+00:00\",\"dateModified\":\"2025-12-23T14:58:07+00:00\",\"breadcrumb\":{\"@id\":\"https:\/\/jimenezherrera.com\/index.php\/clientes\/#breadcrumb\"},\"inLanguage\":\"es-CO\",\"potentialAction\":[{\"@type\":\"ReadAction\",\"target\":[\"https:\/\/jimenezherrera.com\/index.php\/clientes\/\"]}]},{\"@type\":\"BreadcrumbList\",\"@id\":\"https:\/\/jimenezherrera.com\/index.php\/clientes\/#breadcrumb\",\"itemListElement\":[{\"@type\":\"ListItem\",\"position\":1,\"name\":\"Inicio\",\"item\":\"https:\/\/jimenezherrera.com\/\"},{\"@type\":\"ListItem\",\"position\":2,\"name\":\"Clientes\"}]},{\"@type\":\"WebSite\",\"@id\":\"https:\/\/jimenezherrera.com\/#website\",\"url\":\"https:\/\/jimenezherrera.com\/\",\"name\":\"Jimenez Herrera Asociados Ltda -\",\"description\":\"Abogados Bucaramanga y C\u00facuta\",\"publisher\":{\"@id\":\"https:\/\/jimenezherrera.com\/#organization\"},\"potentialAction\":[{\"@type\":\"SearchAction\",\"target\":{\"@type\":\"EntryPoint\",\"urlTemplate\":\"https:\/\/jimenezherrera.com\/?s={search_term_string}\"},\"query-input\":{\"@type\":\"PropertyValueSpecification\",\"valueRequired\":true,\"valueName\":\"search_term_string\"}}],\"inLanguage\":\"es-CO\"},{\"@type\":\"Organization\",\"@id\":\"https:\/\/jimenezherrera.com\/#organization\",\"name\":\"Jimenez Herrera Asociados Ltda -\",\"url\":\"https:\/\/jimenezherrera.com\/\",\"logo\":{\"@type\":\"ImageObject\",\"inLanguage\":\"es-CO\",\"@id\":\"https:\/\/jimenezherrera.com\/#\/schema\/logo\/image\/\",\"url\":\"https:\/\/jimenezherrera.com\/wp-content\/uploads\/2020\/02\/logo2.fw_.png\",\"contentUrl\":\"https:\/\/jimenezherrera.com\/wp-content\/uploads\/2020\/02\/logo2.fw_.png\",\"width\":109,\"height\":86,\"caption\":\"Jimenez Herrera Asociados Ltda -\"},\"image\":{\"@id\":\"https:\/\/jimenezherrera.com\/#\/schema\/logo\/image\/\"},\"sameAs\":[\"https:\/\/web.facebook.com\/jimenezherrera.abogados\"]}]}<\/script>\n<!-- \/ Yoast SEO plugin. -->","yoast_head_json":{"title":"Clientes - Jimenez Herrera Asociados Ltda -","robots":{"index":"index","follow":"follow","max-snippet":"max-snippet:-1","max-image-preview":"max-image-preview:large","max-video-preview":"max-video-preview:-1"},"canonical":"https:\/\/jimenezherrera.com\/index.php\/clientes\/","og_locale":"es_ES","og_type":"article","og_title":"Clientes - Jimenez Herrera Asociados Ltda -","og_description":"Sabemos que representamos a nuestros clientes, por eso nos convertimos en sus mejores aliados para brindar soluciones a las necesidades propias o de sus clientes externos. En JIMENEZ HERRERA ASOCIADOS alcanzamos un alto nivel competitivo a trav\u00e9s de la prioridad del trato personalizado de entre cliente, abogado y deudor, logrando as\u00ed una familiaridad con los asuntos de nuestros clientes, esto y la actitud profesional de la firma permite una preparaci\u00f3n m\u00e1s eficaz de las estrategias para afrontar los asuntos, dedicando el tiempo que se merece cada uno, estableciendo formas de comunicaci\u00f3n oportuna para comprender de una manera integral cual es el objetivo buscado y de esta forma trabajar arduamente para conseguirlo.Actualmente la firma cuenta con variedad de clientes que requieren los servicios en recuperaci\u00f3n de cartera. Con todos ellos se busca obtener y mantener una excelente relaci\u00f3n, creando fuertes v\u00ednculos duraderos.","og_url":"https:\/\/jimenezherrera.com\/index.php\/clientes\/","og_site_name":"Jimenez Herrera Asociados Ltda -","article_publisher":"https:\/\/web.facebook.com\/jimenezherrera.abogados","article_modified_time":"2025-12-23T14:58:07+00:00","twitter_card":"summary_large_image","twitter_misc":{"Tiempo de lectura":"5 minutos"},"schema":{"@context":"https:\/\/schema.org","@graph":[{"@type":"WebPage","@id":"https:\/\/jimenezherrera.com\/index.php\/clientes\/","url":"https:\/\/jimenezherrera.com\/index.php\/clientes\/","name":"Clientes - Jimenez Herrera Asociados Ltda -","isPartOf":{"@id":"https:\/\/jimenezherrera.com\/#website"},"datePublished":"2020-02-14T21:19:30+00:00","dateModified":"2025-12-23T14:58:07+00:00","breadcrumb":{"@id":"https:\/\/jimenezherrera.com\/index.php\/clientes\/#breadcrumb"},"inLanguage":"es-CO","potentialAction":[{"@type":"ReadAction","target":["https:\/\/jimenezherrera.com\/index.php\/clientes\/"]}]},{"@type":"BreadcrumbList","@id":"https:\/\/jimenezherrera.com\/index.php\/clientes\/#breadcrumb","itemListElement":[{"@type":"ListItem","position":1,"name":"Inicio","item":"https:\/\/jimenezherrera.com\/"},{"@type":"ListItem","position":2,"name":"Clientes"}]},{"@type":"WebSite","@id":"https:\/\/jimenezherrera.com\/#website","url":"https:\/\/jimenezherrera.com\/","name":"Jimenez Herrera Asociados Ltda -","description":"Abogados Bucaramanga y C\u00facuta","publisher":{"@id":"https:\/\/jimenezherrera.com\/#organization"},"potentialAction":[{"@type":"SearchAction","target":{"@type":"EntryPoint","urlTemplate":"https:\/\/jimenezherrera.com\/?s={search_term_string}"},"query-input":{"@type":"PropertyValueSpecification","valueRequired":true,"valueName":"search_term_string"}}],"inLanguage":"es-CO"},{"@type":"Organization","@id":"https:\/\/jimenezherrera.com\/#organization","name":"Jimenez Herrera Asociados Ltda -","url":"https:\/\/jimenezherrera.com\/","logo":{"@type":"ImageObject","inLanguage":"es-CO","@id":"https:\/\/jimenezherrera.com\/#\/schema\/logo\/image\/","url":"https:\/\/jimenezherrera.com\/wp-content\/uploads\/2020\/02\/logo2.fw_.png","contentUrl":"https:\/\/jimenezherrera.com\/wp-content\/uploads\/2020\/02\/logo2.fw_.png","width":109,"height":86,"caption":"Jimenez Herrera Asociados Ltda -"},"image":{"@id":"https:\/\/jimenezherrera.com\/#\/schema\/logo\/image\/"},"sameAs":["https:\/\/web.facebook.com\/jimenezherrera.abogados"]}]}},"_links":{"self":[{"href":"https:\/\/jimenezherrera.com\/index.php\/wp-json\/wp\/v2\/pages\/22","targetHints":{"allow":["GET"]}}],"collection":[{"href":"https:\/\/jimenezherrera.com\/index.php\/wp-json\/wp\/v2\/pages"}],"about":[{"href":"https:\/\/jimenezherrera.com\/index.php\/wp-json\/wp\/v2\/types\/page"}],"author":[{"embeddable":true,"href":"https:\/\/jimenezherrera.com\/index.php\/wp-json\/wp\/v2\/users\/1"}],"replies":[{"embeddable":true,"href":"https:\/\/jimenezherrera.com\/index.php\/wp-json\/wp\/v2\/comments?post=22"}],"version-history":[{"count":3,"href":"https:\/\/jimenezherrera.com\/index.php\/wp-json\/wp\/v2\/pages\/22\/revisions"}],"predecessor-version":[{"id":457,"href":"https:\/\/jimenezherrera.com\/index.php\/wp-json\/wp\/v2\/pages\/22\/revisions\/457"}],"wp:attachment":[{"href":"https:\/\/jimenezherrera.com\/index.php\/wp-json\/wp\/v2\/media?parent=22"}],"curies":[{"name":"wp","href":"https:\/\/api.w.org\/{rel}","templated":true}]}}