{"id":24,"date":"2020-02-14T16:19:41","date_gmt":"2020-02-14T21:19:41","guid":{"rendered":"http:\/\/jimenezherrera.com\/?page_id=24"},"modified":"2025-12-23T10:06:19","modified_gmt":"2025-12-23T15:06:19","slug":"contacto","status":"publish","type":"page","link":"https:\/\/jimenezherrera.com\/index.php\/contacto\/","title":{"rendered":"Contacto"},"content":{"rendered":"<p>[et_pb_section fb_built=&#8221;1&#8243; _builder_version=&#8221;4.24.0&#8243; _module_preset=&#8221;default&#8221; custom_padding=&#8221;|50px||50px|false|true&#8221; locked=&#8221;off&#8221; global_colors_info=&#8221;{}&#8221;][et_pb_row column_structure=&#8221;1_2,1_2&#8243; _builder_version=&#8221;4.24.0&#8243; _module_preset=&#8221;default&#8221; width=&#8221;100%&#8221; max_width=&#8221;1800px&#8221; module_alignment=&#8221;center&#8221; global_colors_info=&#8221;{}&#8221;][et_pb_column type=&#8221;1_2&#8243; _builder_version=&#8221;4.24.0&#8243; _module_preset=&#8221;default&#8221; global_colors_info=&#8221;{}&#8221;][et_pb_heading title=&#8221;Contacto&#8221; _builder_version=&#8221;4.24.0&#8243; _module_preset=&#8221;default&#8221; title_level=&#8221;h2&#8243; title_font=&#8221;|700|||||||&#8221; title_text_color=&#8221;gcid-8d9f75c9-546b-4cdb-9052-fd4d4aa09431&#8243; title_font_size=&#8221;34px&#8221; custom_margin=&#8221;||5px||false|false&#8221; title_font_size_tablet=&#8221;34px&#8221; title_font_size_phone=&#8221;24px&#8221; title_font_size_last_edited=&#8221;on|phone&#8221; global_colors_info=&#8221;{%22gcid-8d9f75c9-546b-4cdb-9052-fd4d4aa09431%22:%91%22title_text_color%22%93}&#8221;][\/et_pb_heading][et_pb_heading title=&#8221;Estamos aqu\u00ed para escucharte&#8221; _builder_version=&#8221;4.24.0&#8243; _module_preset=&#8221;default&#8221; title_level=&#8221;h3&#8243; title_font=&#8221;||||||||&#8221; title_text_color=&#8221;gcid-3fe49218-a9d6-40ba-a488-776508ce9d77&#8243; title_font_size=&#8221;20px&#8221; title_font_size_tablet=&#8221;20px&#8221; title_font_size_phone=&#8221;16px&#8221; title_font_size_last_edited=&#8221;on|phone&#8221; global_colors_info=&#8221;{%22gcid-3fe49218-a9d6-40ba-a488-776508ce9d77%22:%91%22title_text_color%22%93}&#8221;][\/et_pb_heading][\/et_pb_column][et_pb_column type=&#8221;1_2&#8243; _builder_version=&#8221;4.24.0&#8243; _module_preset=&#8221;default&#8221; global_colors_info=&#8221;{}&#8221;][et_pb_text _builder_version=&#8221;4.24.0&#8243; _module_preset=&#8221;default&#8221; text_font=&#8221;||||||||&#8221; text_text_color=&#8221;gcid-8d9f75c9-546b-4cdb-9052-fd4d4aa09431&#8243; text_font_size=&#8221;16px&#8221; text_font_size_tablet=&#8221;16px&#8221; text_font_size_phone=&#8221;15px&#8221; text_font_size_last_edited=&#8221;on|phone&#8221; global_colors_info=&#8221;{%22gcid-8d9f75c9-546b-4cdb-9052-fd4d4aa09431%22:%91%22text_text_color%22%93}&#8221;]<\/p>\n<p>En Jim\u00e9nez Herrera Asociados creemos que cada consulta merece atenci\u00f3n personalizada. Si necesitas asesor\u00eda en conciliaciones, procesos ejecutivos o tr\u00e1mites de pago directo, nuestro equipo est\u00e1 listo para ayudarte. Escr\u00edbenos o ll\u00e1manos y recibe una respuesta r\u00e1pida y clara.<\/p>\n<p>[\/et_pb_text][\/et_pb_column][\/et_pb_row][\/et_pb_section][et_pb_section fb_built=&#8221;1&#8243; _builder_version=&#8221;4.24.0&#8243; _module_preset=&#8221;default&#8221; custom_padding=&#8221;|50px||50px|false|true&#8221; locked=&#8221;off&#8221; global_colors_info=&#8221;{}&#8221;][et_pb_row _builder_version=&#8221;4.24.0&#8243; _module_preset=&#8221;default&#8221; width=&#8221;100%&#8221; max_width=&#8221;1800px&#8221; module_alignment=&#8221;center&#8221; border_width_top=&#8221;5px&#8221; border_color_top=&#8221;gcid-3fe49218-a9d6-40ba-a488-776508ce9d77&#8243; global_colors_info=&#8221;{%22gcid-3fe49218-a9d6-40ba-a488-776508ce9d77%22:%91%22border_color_top%22%93}&#8221;][et_pb_column type=&#8221;4_4&#8243; _builder_version=&#8221;4.24.0&#8243; _module_preset=&#8221;default&#8221; global_colors_info=&#8221;{}&#8221;][et_pb_heading title=&#8221;Formulario de contacto&#8221; _builder_version=&#8221;4.24.0&#8243; _module_preset=&#8221;default&#8221; title_level=&#8221;h2&#8243; title_font=&#8221;|700|||||||&#8221; title_text_color=&#8221;gcid-8d9f75c9-546b-4cdb-9052-fd4d4aa09431&#8243; title_font_size=&#8221;34px&#8221; custom_margin=&#8221;||||false|false&#8221; title_font_size_tablet=&#8221;34px&#8221; title_font_size_phone=&#8221;24px&#8221; title_font_size_last_edited=&#8221;on|phone&#8221; global_colors_info=&#8221;{%22gcid-8d9f75c9-546b-4cdb-9052-fd4d4aa09431%22:%91%22title_text_color%22%93}&#8221;][\/et_pb_heading][et_pb_contact_form captcha=&#8221;off&#8221; email=&#8221;contacto@jimenezherrera.com&#8221; submit_button_text=&#8221;Enviar&#8221; module_id=&#8221;et_pb_contact_form_0&#8243; _builder_version=&#8221;4.24.0&#8243; _unique_id=&#8221;7ba27f80-1574-4d60-9768-4f604906a32d&#8221; form_field_background_color=&#8221;rgba(0,0,0,0)&#8221; form_field_text_color=&#8221;#787070&#8243; form_field_font=&#8221;Nunito||||||||&#8221; form_field_font_size=&#8221;16px&#8221; custom_button=&#8221;on&#8221; button_text_color=&#8221;#ffffff&#8221; button_bg_color=&#8221;gcid-80d0f7c2-74e5-44dd-9ea3-6dd1d75308d5&#8243; button_border_color=&#8221;RGBA(255,255,255,0)&#8221; button_border_radius=&#8221;0px&#8221; button_font=&#8221;|600|||||||&#8221; button_use_icon=&#8221;off&#8221; text_orientation=&#8221;left&#8221; border_width_all=&#8221;1px&#8221; border_color_all=&#8221;#E6E6E6&#8243; border_style_all=&#8221;solid&#8221; use_border_color=&#8221;on&#8221; border_color=&#8221;#E6E6E6&#8243; form_background_color=&#8221;rgba(0,0,0,0)&#8221; locked=&#8221;off&#8221; global_colors_info=&#8221;{%22gcid-80d0f7c2-74e5-44dd-9ea3-6dd1d75308d5%22:%91%22button_bg_color%22%93}&#8221;][et_pb_contact_field field_id=&#8221;Nombre&#8221; field_title=&#8221;Nombre&#8221; _builder_version=&#8221;4.16&#8243; global_colors_info=&#8221;{}&#8221; button_text_size__hover_enabled=&#8221;off&#8221; button_one_text_size__hover_enabled=&#8221;off&#8221; button_two_text_size__hover_enabled=&#8221;off&#8221; button_text_color__hover_enabled=&#8221;off&#8221; button_one_text_color__hover_enabled=&#8221;off&#8221; button_two_text_color__hover_enabled=&#8221;off&#8221; button_border_width__hover_enabled=&#8221;off&#8221; button_one_border_width__hover_enabled=&#8221;off&#8221; button_two_border_width__hover_enabled=&#8221;off&#8221; button_border_color__hover_enabled=&#8221;off&#8221; button_one_border_color__hover_enabled=&#8221;off&#8221; button_two_border_color__hover_enabled=&#8221;off&#8221; button_border_radius__hover_enabled=&#8221;off&#8221; button_one_border_radius__hover_enabled=&#8221;off&#8221; button_two_border_radius__hover_enabled=&#8221;off&#8221; button_letter_spacing__hover_enabled=&#8221;off&#8221; button_one_letter_spacing__hover_enabled=&#8221;off&#8221; button_two_letter_spacing__hover_enabled=&#8221;off&#8221; button_bg_color__hover_enabled=&#8221;off&#8221; button_one_bg_color__hover_enabled=&#8221;off&#8221; button_two_bg_color__hover_enabled=&#8221;off&#8221;][\/et_pb_contact_field][et_pb_contact_field field_id=&#8221;Correo_electr\u00f3nico&#8221; field_title=&#8221;Correo electr\u00f3nico&#8221; field_type=&#8221;email&#8221; _builder_version=&#8221;4.16&#8243; global_colors_info=&#8221;{}&#8221; button_text_size__hover_enabled=&#8221;off&#8221; button_one_text_size__hover_enabled=&#8221;off&#8221; button_two_text_size__hover_enabled=&#8221;off&#8221; button_text_color__hover_enabled=&#8221;off&#8221; button_one_text_color__hover_enabled=&#8221;off&#8221; button_two_text_color__hover_enabled=&#8221;off&#8221; button_border_width__hover_enabled=&#8221;off&#8221; button_one_border_width__hover_enabled=&#8221;off&#8221; button_two_border_width__hover_enabled=&#8221;off&#8221; button_border_color__hover_enabled=&#8221;off&#8221; button_one_border_color__hover_enabled=&#8221;off&#8221; button_two_border_color__hover_enabled=&#8221;off&#8221; button_border_radius__hover_enabled=&#8221;off&#8221; button_one_border_radius__hover_enabled=&#8221;off&#8221; button_two_border_radius__hover_enabled=&#8221;off&#8221; button_letter_spacing__hover_enabled=&#8221;off&#8221; button_one_letter_spacing__hover_enabled=&#8221;off&#8221; button_two_letter_spacing__hover_enabled=&#8221;off&#8221; button_bg_color__hover_enabled=&#8221;off&#8221; button_one_bg_color__hover_enabled=&#8221;off&#8221; button_two_bg_color__hover_enabled=&#8221;off&#8221;][\/et_pb_contact_field][et_pb_contact_field field_id=&#8221;Mensaje&#8221; field_title=&#8221;Mensaje&#8221; field_type=&#8221;text&#8221; fullwidth_field=&#8221;on&#8221; _builder_version=&#8221;4.16&#8243; global_colors_info=&#8221;{}&#8221; button_text_size__hover_enabled=&#8221;off&#8221; button_one_text_size__hover_enabled=&#8221;off&#8221; button_two_text_size__hover_enabled=&#8221;off&#8221; button_text_color__hover_enabled=&#8221;off&#8221; button_one_text_color__hover_enabled=&#8221;off&#8221; button_two_text_color__hover_enabled=&#8221;off&#8221; button_border_width__hover_enabled=&#8221;off&#8221; button_one_border_width__hover_enabled=&#8221;off&#8221; button_two_border_width__hover_enabled=&#8221;off&#8221; button_border_color__hover_enabled=&#8221;off&#8221; button_one_border_color__hover_enabled=&#8221;off&#8221; button_two_border_color__hover_enabled=&#8221;off&#8221; button_border_radius__hover_enabled=&#8221;off&#8221; button_one_border_radius__hover_enabled=&#8221;off&#8221; button_two_border_radius__hover_enabled=&#8221;off&#8221; button_letter_spacing__hover_enabled=&#8221;off&#8221; button_one_letter_spacing__hover_enabled=&#8221;off&#8221; button_two_letter_spacing__hover_enabled=&#8221;off&#8221; button_bg_color__hover_enabled=&#8221;off&#8221; button_one_bg_color__hover_enabled=&#8221;off&#8221; button_two_bg_color__hover_enabled=&#8221;off&#8221;][\/et_pb_contact_field][\/et_pb_contact_form][\/et_pb_column][\/et_pb_row][et_pb_row _builder_version=&#8221;4.24.0&#8243; _module_preset=&#8221;default&#8221; width=&#8221;100%&#8221; max_width=&#8221;1800px&#8221; module_alignment=&#8221;center&#8221; border_width_top=&#8221;5px&#8221; border_color_top=&#8221;gcid-3fe49218-a9d6-40ba-a488-776508ce9d77&#8243; global_colors_info=&#8221;{%22gcid-3fe49218-a9d6-40ba-a488-776508ce9d77%22:%91%22border_color_top%22%93}&#8221;][et_pb_column type=&#8221;4_4&#8243; _builder_version=&#8221;4.24.0&#8243; _module_preset=&#8221;default&#8221; global_colors_info=&#8221;{}&#8221;][et_pb_heading title=&#8221;H\u00e1blanos por WhatsApp&#8221; _builder_version=&#8221;4.24.0&#8243; _module_preset=&#8221;default&#8221; title_level=&#8221;h2&#8243; title_font=&#8221;|700|||||||&#8221; title_text_color=&#8221;gcid-8d9f75c9-546b-4cdb-9052-fd4d4aa09431&#8243; title_font_size=&#8221;34px&#8221; custom_margin=&#8221;||10px||false|false&#8221; title_font_size_tablet=&#8221;34px&#8221; title_font_size_phone=&#8221;24px&#8221; title_font_size_last_edited=&#8221;on|phone&#8221; global_colors_info=&#8221;{%22gcid-8d9f75c9-546b-4cdb-9052-fd4d4aa09431%22:%91%22title_text_color%22%93}&#8221;][\/et_pb_heading][et_pb_heading title=&#8221;Estamos presentes, puedes comunicarte en cualquier momento del d\u00eda y te responderemos lo m\u00e1s r\u00e1pido posible.&#8221; _builder_version=&#8221;4.24.0&#8243; _module_preset=&#8221;default&#8221; title_level=&#8221;h3&#8243; title_font=&#8221;||||||||&#8221; title_text_color=&#8221;gcid-3fe49218-a9d6-40ba-a488-776508ce9d77&#8243; title_font_size=&#8221;20px&#8221; title_font_size_tablet=&#8221;20px&#8221; title_font_size_phone=&#8221;16px&#8221; title_font_size_last_edited=&#8221;on|phone&#8221; global_colors_info=&#8221;{%22gcid-3fe49218-a9d6-40ba-a488-776508ce9d77%22:%91%22title_text_color%22%93}&#8221;][\/et_pb_heading][dsm_social_share_buttons dsm_target_type=&#8221;custom&#8221; dsm_target_link_url=&#8221;https:\/\/api.whatsapp.com\/send\/?phone=573222420785&#038;text=Hola,%20quiero%20una%20consulta%20sobre&#038;type=phone_number&#038;app_absent=0&#8243; _builder_version=&#8221;4.24.0&#8243; _module_preset=&#8221;default&#8221; hover_enabled=&#8221;0&#8243; global_colors_info=&#8221;{}&#8221; sticky_enabled=&#8221;0&#8243;][dsm_social_share_buttons_child dsm_network=&#8221;whatsapp&#8221; dsm_custom_label=&#8221;WhatsApp | Click Aqu\u00ed&#8221; _builder_version=&#8221;4.24.0&#8243; _module_preset=&#8221;default&#8221; global_colors_info=&#8221;{}&#8221; dsm_view=&#8221;icon_text&#8221; dsm_label=&#8221;on&#8221; dsm_social_hover_animation=&#8221;dsm-none&#8221;][\/dsm_social_share_buttons_child][\/dsm_social_share_buttons][\/et_pb_column][\/et_pb_row][\/et_pb_section][et_pb_section fb_built=&#8221;1&#8243; _builder_version=&#8221;4.24.0&#8243; _module_preset=&#8221;default&#8221; use_background_color_gradient=&#8221;on&#8221; background_color_gradient_type=&#8221;circular&#8221; background_color_gradient_stops=&#8221;#592b1b 0%|rgba(255,255,255,0) 100%&#8221; background_image=&#8221;https:\/\/jimenezherrera.com\/wp-content\/uploads\/2020\/02\/444_5-scaled.jpg&#8221; background_blend=&#8221;darken&#8221; locked=&#8221;off&#8221; global_colors_info=&#8221;{%22gcid-3fe49218-a9d6-40ba-a488-776508ce9d77%22:%91%22background_color_gradient_stops%22%93,%22gcid-8d9f75c9-546b-4cdb-9052-fd4d4aa09431%22:%91%22background_color_gradient_stops%22%93,%22gcid-bd5c1b0b-8104-48ba-b359-d52f413acad9%22:%91%22background_color_gradient_stops%22%93,%22gcid-4ca2215f-2a91-497c-83c3-4028d96e77ac%22:%91%22background_color_gradient_stops%22%93,%22gcid-80d0f7c2-74e5-44dd-9ea3-6dd1d75308d5%22:%91%22background_color_gradient_stops%22%93}&#8221;][et_pb_row _builder_version=&#8221;4.24.0&#8243; _module_preset=&#8221;default&#8221; custom_padding=&#8221;100px||100px||true|false&#8221; global_colors_info=&#8221;{}&#8221;][et_pb_column type=&#8221;4_4&#8243; _builder_version=&#8221;4.24.0&#8243; _module_preset=&#8221;default&#8221; global_colors_info=&#8221;{}&#8221;][et_pb_heading title=&#8221;Los invitamos a conocer nuestras \u00e1reas de pr\u00e1ctica.&#8221; _builder_version=&#8221;4.24.0&#8243; _module_preset=&#8221;default&#8221; title_level=&#8221;h2&#8243; title_font=&#8221;|700|||||||&#8221; title_text_align=&#8221;center&#8221; title_text_color=&#8221;#FFFFFF&#8221; title_font_size=&#8221;34px&#8221; custom_margin=&#8221;||5px||false|false&#8221; title_font_size_tablet=&#8221;34px&#8221; title_font_size_phone=&#8221;24px&#8221; title_font_size_last_edited=&#8221;on|phone&#8221; global_colors_info=&#8221;{}&#8221;][\/et_pb_heading][et_pb_heading title=&#8221;Explora nuestras \u00e1reas de pr\u00e1ctica y descubre c\u00f3mo podemos ayudarte hoy.&#8221; _builder_version=&#8221;4.24.0&#8243; _module_preset=&#8221;default&#8221; title_level=&#8221;h3&#8243; title_font=&#8221;||||||||&#8221; title_text_align=&#8221;center&#8221; title_text_color=&#8221;#FFFFFF&#8221; title_font_size=&#8221;20px&#8221; title_font_size_tablet=&#8221;20px&#8221; title_font_size_phone=&#8221;16px&#8221; title_font_size_last_edited=&#8221;on|phone&#8221; global_colors_info=&#8221;{}&#8221;][\/et_pb_heading][et_pb_button button_url=&#8221;https:\/\/jimenezherrera.com\/index.php\/servicios\/&#8221; button_text=&#8221;Ir ahora&#8221; button_alignment=&#8221;center&#8221; _builder_version=&#8221;4.24.0&#8243; _module_preset=&#8221;default&#8221; custom_button=&#8221;on&#8221; button_text_color=&#8221;#FFFFFF&#8221; button_bg_color=&#8221;RGBA(255,255,255,0)&#8221; global_colors_info=&#8221;{}&#8221; button_bg_color__hover_enabled=&#8221;on|desktop&#8221; button_bg_color__hover=&#8221;#000000&#8243; button_bg_enable_color__hover=&#8221;on&#8221;][\/et_pb_button][\/et_pb_column][\/et_pb_row][\/et_pb_section]<\/p>\n","protected":false},"excerpt":{"rendered":"<p>En Jim\u00e9nez Herrera Asociados creemos que cada consulta merece atenci\u00f3n personalizada. Si necesitas asesor\u00eda en conciliaciones, procesos ejecutivos o tr\u00e1mites de pago directo, nuestro equipo est\u00e1 listo para ayudarte. Escr\u00edbenos o ll\u00e1manos y recibe una respuesta r\u00e1pida y clara.<div class=\"et_pb_module dsm_social_share_buttons dsm_social_share_buttons_0\">\n\t\t\t\t\n\t\t\t\t\n\t\t\t\t\n\t\t\t\t\n\t\t\t\t\n\t\t\t\t\n\t\t\t\t<div class=\"et_pb_module_inner\">\n\t\t\t\t\t<div class=\"dsm-social-share-buttons-container dsm-gradient dsm-icon_text\">\n\t\t\t\t<div class=\"dsm-social-share-button-wrapper dsm_social_share_buttons_child_0\">\n\t\t\t\t\n\t\t\t            <div class=\"dsm-social-share-button-inner-wrapper dsm-whatsapp dsm_social_share_buttons_child_0 dsm-none\" data-share_url=\"https:\/\/api.whatsapp.com\/send?text=https:\/\/api.whatsapp.com\/send\/?phone=573222420785&#038;text=Hola,%20quiero%20una%20consulta%20sobre&#038;type=phone_number&#038;app_absent=0\">\n\t\t\t\t\t\t    \n\t\t\t\t            <div class=\"dsm-social-share-button-icon\">\n\t\t\t\t\t\t       <span class=\"dsm_icon et-pb-icon\">\uf232<\/span>\n\t\t\t\t\t\t    <\/div>\n\t\t\t\t\t\t\t\n\t\t\t\t\t\t\t    <div class=\"dsm-social-share-button-text\">\n\t\t\t\t\t\t          <span class=\"dsm-text\">WhatsApp | Click Aqu\u00ed<\/span>\n\t\t\t\t\t\t        <\/div>\n\t\t\t\t\t\t    \n\t\t\t\t\t\t\t\n\t\t\t\t\t\t    \n\t\t\t\t\t\t<\/div>\n\t\t\t   \n\t\t\t <\/div>\n\t\t\t\n\t\t\t<\/div>\n\t\t\t\n\t\t\t\t<\/div>\n\t\t\t<\/div><\/p>\n","protected":false},"author":1,"featured_media":0,"parent":0,"menu_order":0,"comment_status":"closed","ping_status":"closed","template":"","meta":{"_et_pb_use_builder":"on","_et_pb_old_content":"","_et_gb_content_width":"","footnotes":""},"class_list":["post-24","page","type-page","status-publish","hentry"],"yoast_head":"<!-- This site is optimized with the Yoast SEO plugin v27.1.1 - https:\/\/yoast.com\/product\/yoast-seo-wordpress\/ -->\n<title>Contacto - Jimenez Herrera Asociados Ltda -<\/title>\n<meta name=\"robots\" content=\"index, follow, max-snippet:-1, max-image-preview:large, max-video-preview:-1\" \/>\n<link rel=\"canonical\" href=\"https:\/\/jimenezherrera.com\/index.php\/contacto\/\" \/>\n<meta property=\"og:locale\" content=\"es_ES\" \/>\n<meta property=\"og:type\" content=\"article\" \/>\n<meta property=\"og:title\" content=\"Contacto - Jimenez Herrera Asociados Ltda -\" \/>\n<meta property=\"og:description\" content=\"En Jim\u00e9nez Herrera Asociados creemos que cada consulta merece atenci\u00f3n personalizada. Si necesitas asesor\u00eda en conciliaciones, procesos ejecutivos o tr\u00e1mites de pago directo, nuestro equipo est\u00e1 listo para ayudarte. Escr\u00edbenos o ll\u00e1manos y recibe una respuesta r\u00e1pida y clara.\" \/>\n<meta property=\"og:url\" content=\"https:\/\/jimenezherrera.com\/index.php\/contacto\/\" \/>\n<meta property=\"og:site_name\" content=\"Jimenez Herrera Asociados Ltda -\" \/>\n<meta property=\"article:publisher\" content=\"https:\/\/web.facebook.com\/jimenezherrera.abogados\" \/>\n<meta property=\"article:modified_time\" content=\"2025-12-23T15:06:19+00:00\" \/>\n<meta name=\"twitter:card\" content=\"summary_large_image\" \/>\n<meta name=\"twitter:label1\" content=\"Tiempo de lectura\" \/>\n\t<meta name=\"twitter:data1\" content=\"9 minutos\" \/>\n<script type=\"application\/ld+json\" class=\"yoast-schema-graph\">{\"@context\":\"https:\/\/schema.org\",\"@graph\":[{\"@type\":\"WebPage\",\"@id\":\"https:\/\/jimenezherrera.com\/index.php\/contacto\/\",\"url\":\"https:\/\/jimenezherrera.com\/index.php\/contacto\/\",\"name\":\"Contacto - Jimenez Herrera Asociados Ltda -\",\"isPartOf\":{\"@id\":\"https:\/\/jimenezherrera.com\/#website\"},\"datePublished\":\"2020-02-14T21:19:41+00:00\",\"dateModified\":\"2025-12-23T15:06:19+00:00\",\"breadcrumb\":{\"@id\":\"https:\/\/jimenezherrera.com\/index.php\/contacto\/#breadcrumb\"},\"inLanguage\":\"es-CO\",\"potentialAction\":[{\"@type\":\"ReadAction\",\"target\":[\"https:\/\/jimenezherrera.com\/index.php\/contacto\/\"]}]},{\"@type\":\"BreadcrumbList\",\"@id\":\"https:\/\/jimenezherrera.com\/index.php\/contacto\/#breadcrumb\",\"itemListElement\":[{\"@type\":\"ListItem\",\"position\":1,\"name\":\"Inicio\",\"item\":\"https:\/\/jimenezherrera.com\/\"},{\"@type\":\"ListItem\",\"position\":2,\"name\":\"Contacto\"}]},{\"@type\":\"WebSite\",\"@id\":\"https:\/\/jimenezherrera.com\/#website\",\"url\":\"https:\/\/jimenezherrera.com\/\",\"name\":\"Jimenez Herrera Asociados Ltda -\",\"description\":\"Abogados Bucaramanga y C\u00facuta\",\"publisher\":{\"@id\":\"https:\/\/jimenezherrera.com\/#organization\"},\"potentialAction\":[{\"@type\":\"SearchAction\",\"target\":{\"@type\":\"EntryPoint\",\"urlTemplate\":\"https:\/\/jimenezherrera.com\/?s={search_term_string}\"},\"query-input\":{\"@type\":\"PropertyValueSpecification\",\"valueRequired\":true,\"valueName\":\"search_term_string\"}}],\"inLanguage\":\"es-CO\"},{\"@type\":\"Organization\",\"@id\":\"https:\/\/jimenezherrera.com\/#organization\",\"name\":\"Jimenez Herrera Asociados Ltda -\",\"url\":\"https:\/\/jimenezherrera.com\/\",\"logo\":{\"@type\":\"ImageObject\",\"inLanguage\":\"es-CO\",\"@id\":\"https:\/\/jimenezherrera.com\/#\/schema\/logo\/image\/\",\"url\":\"https:\/\/jimenezherrera.com\/wp-content\/uploads\/2020\/02\/logo2.fw_.png\",\"contentUrl\":\"https:\/\/jimenezherrera.com\/wp-content\/uploads\/2020\/02\/logo2.fw_.png\",\"width\":109,\"height\":86,\"caption\":\"Jimenez Herrera Asociados Ltda -\"},\"image\":{\"@id\":\"https:\/\/jimenezherrera.com\/#\/schema\/logo\/image\/\"},\"sameAs\":[\"https:\/\/web.facebook.com\/jimenezherrera.abogados\"]}]}<\/script>\n<!-- \/ Yoast SEO plugin. -->","yoast_head_json":{"title":"Contacto - Jimenez Herrera Asociados Ltda -","robots":{"index":"index","follow":"follow","max-snippet":"max-snippet:-1","max-image-preview":"max-image-preview:large","max-video-preview":"max-video-preview:-1"},"canonical":"https:\/\/jimenezherrera.com\/index.php\/contacto\/","og_locale":"es_ES","og_type":"article","og_title":"Contacto - Jimenez Herrera Asociados Ltda -","og_description":"En Jim\u00e9nez Herrera Asociados creemos que cada consulta merece atenci\u00f3n personalizada. Si necesitas asesor\u00eda en conciliaciones, procesos ejecutivos o tr\u00e1mites de pago directo, nuestro equipo est\u00e1 listo para ayudarte. Escr\u00edbenos o ll\u00e1manos y recibe una respuesta r\u00e1pida y clara.","og_url":"https:\/\/jimenezherrera.com\/index.php\/contacto\/","og_site_name":"Jimenez Herrera Asociados Ltda -","article_publisher":"https:\/\/web.facebook.com\/jimenezherrera.abogados","article_modified_time":"2025-12-23T15:06:19+00:00","twitter_card":"summary_large_image","twitter_misc":{"Tiempo de lectura":"9 minutos"},"schema":{"@context":"https:\/\/schema.org","@graph":[{"@type":"WebPage","@id":"https:\/\/jimenezherrera.com\/index.php\/contacto\/","url":"https:\/\/jimenezherrera.com\/index.php\/contacto\/","name":"Contacto - Jimenez Herrera Asociados Ltda -","isPartOf":{"@id":"https:\/\/jimenezherrera.com\/#website"},"datePublished":"2020-02-14T21:19:41+00:00","dateModified":"2025-12-23T15:06:19+00:00","breadcrumb":{"@id":"https:\/\/jimenezherrera.com\/index.php\/contacto\/#breadcrumb"},"inLanguage":"es-CO","potentialAction":[{"@type":"ReadAction","target":["https:\/\/jimenezherrera.com\/index.php\/contacto\/"]}]},{"@type":"BreadcrumbList","@id":"https:\/\/jimenezherrera.com\/index.php\/contacto\/#breadcrumb","itemListElement":[{"@type":"ListItem","position":1,"name":"Inicio","item":"https:\/\/jimenezherrera.com\/"},{"@type":"ListItem","position":2,"name":"Contacto"}]},{"@type":"WebSite","@id":"https:\/\/jimenezherrera.com\/#website","url":"https:\/\/jimenezherrera.com\/","name":"Jimenez Herrera Asociados Ltda -","description":"Abogados Bucaramanga y C\u00facuta","publisher":{"@id":"https:\/\/jimenezherrera.com\/#organization"},"potentialAction":[{"@type":"SearchAction","target":{"@type":"EntryPoint","urlTemplate":"https:\/\/jimenezherrera.com\/?s={search_term_string}"},"query-input":{"@type":"PropertyValueSpecification","valueRequired":true,"valueName":"search_term_string"}}],"inLanguage":"es-CO"},{"@type":"Organization","@id":"https:\/\/jimenezherrera.com\/#organization","name":"Jimenez Herrera Asociados Ltda -","url":"https:\/\/jimenezherrera.com\/","logo":{"@type":"ImageObject","inLanguage":"es-CO","@id":"https:\/\/jimenezherrera.com\/#\/schema\/logo\/image\/","url":"https:\/\/jimenezherrera.com\/wp-content\/uploads\/2020\/02\/logo2.fw_.png","contentUrl":"https:\/\/jimenezherrera.com\/wp-content\/uploads\/2020\/02\/logo2.fw_.png","width":109,"height":86,"caption":"Jimenez Herrera Asociados Ltda -"},"image":{"@id":"https:\/\/jimenezherrera.com\/#\/schema\/logo\/image\/"},"sameAs":["https:\/\/web.facebook.com\/jimenezherrera.abogados"]}]}},"_links":{"self":[{"href":"https:\/\/jimenezherrera.com\/index.php\/wp-json\/wp\/v2\/pages\/24","targetHints":{"allow":["GET"]}}],"collection":[{"href":"https:\/\/jimenezherrera.com\/index.php\/wp-json\/wp\/v2\/pages"}],"about":[{"href":"https:\/\/jimenezherrera.com\/index.php\/wp-json\/wp\/v2\/types\/page"}],"author":[{"embeddable":true,"href":"https:\/\/jimenezherrera.com\/index.php\/wp-json\/wp\/v2\/users\/1"}],"replies":[{"embeddable":true,"href":"https:\/\/jimenezherrera.com\/index.php\/wp-json\/wp\/v2\/comments?post=24"}],"version-history":[{"count":6,"href":"https:\/\/jimenezherrera.com\/index.php\/wp-json\/wp\/v2\/pages\/24\/revisions"}],"predecessor-version":[{"id":462,"href":"https:\/\/jimenezherrera.com\/index.php\/wp-json\/wp\/v2\/pages\/24\/revisions\/462"}],"wp:attachment":[{"href":"https:\/\/jimenezherrera.com\/index.php\/wp-json\/wp\/v2\/media?parent=24"}],"curies":[{"name":"wp","href":"https:\/\/api.w.org\/{rel}","templated":true}]}}